{"id":1322,"date":"2026-03-27T00:49:33","date_gmt":"2026-03-27T00:49:33","guid":{"rendered":"https:\/\/montevideofoodbogota.com\/home-2\/"},"modified":"2026-04-11T17:43:24","modified_gmt":"2026-04-11T17:43:24","slug":"home","status":"publish","type":"page","link":"https:\/\/montevideofoodbogota.com\/en\/","title":{"rendered":"Home"},"content":{"rendered":"<div class=\"wp-block-cover is-light wp-duotone-unset-1\" style=\"border-top-left-radius:0px;border-top-right-radius:0px;border-bottom-left-radius:0px;border-bottom-right-radius:0px;min-height:100vh;aspect-ratio:unset;\"><video class=\"wp-block-cover__video-background intrinsic-ignore\" autoplay muted loop playsinline src=\"https:\/\/montevideofoodbogota.com\/wp-content\/uploads\/2026\/03\/WhatsApp-Video-2026-03-16-at-7.04.18-PM.mp4\" style=\"object-position:51% 50%\" data-object-fit=\"cover\" data-object-position=\"51% 50%\"><\/video><span aria-hidden=\"true\" class=\"wp-block-cover__background has-background-dim-0 has-background-dim\" style=\"background-color:#FFF\"><\/span><div class=\"wp-block-cover__inner-container is-layout-constrained wp-block-cover-is-layout-constrained\">\n<p class=\"has-text-align-center has-large-font-size\"><\/p>\n<\/div><\/div>\n\n\n\n<div class=\"wp-block-columns alignwide are-vertically-aligned-top is-layout-flex wp-container-core-columns-is-layout-08c01c1c wp-block-columns-is-layout-flex\">\n<div class=\"wp-block-column is-vertically-aligned-top is-layout-flow wp-block-column-is-layout-flow\">\n<figure data-spectra-id=\"spectra-mn8d0szh-xrn8wa\" class=\"wp-block-image aligncenter size-large\"><img fetchpriority=\"high\" decoding=\"async\" width=\"556\" height=\"1024\" src=\"https:\/\/montevideofoodbogota.com\/wp-content\/uploads\/2026\/03\/aviso-556x1024.jpeg\" alt=\"aviso\" class=\"wp-image-2838\" title=\"Home\" srcset=\"https:\/\/montevideofoodbogota.com\/wp-content\/uploads\/2026\/03\/aviso-556x1024.jpeg 556w, https:\/\/montevideofoodbogota.com\/wp-content\/uploads\/2026\/03\/aviso-163x300.jpeg 163w, https:\/\/montevideofoodbogota.com\/wp-content\/uploads\/2026\/03\/aviso-768x1416.jpeg 768w, https:\/\/montevideofoodbogota.com\/wp-content\/uploads\/2026\/03\/aviso-833x1536.jpeg 833w, https:\/\/montevideofoodbogota.com\/wp-content\/uploads\/2026\/03\/aviso.jpeg 868w\" sizes=\"(max-width: 556px) 100vw, 556px\" \/><\/figure>\n<\/div>\n<\/div>","protected":false},"excerpt":{"rendered":"","protected":false},"author":1,"featured_media":0,"parent":0,"menu_order":0,"comment_status":"closed","ping_status":"closed","template":"","meta":{"_uag_custom_page_level_css":"","site-sidebar-layout":"no-sidebar","site-content-layout":"page-builder","ast-site-content-layout":"full-width-container","site-content-style":"unboxed","site-sidebar-style":"unboxed","ast-global-header-display":"","ast-banner-title-visibility":"","ast-main-header-display":"","ast-hfb-above-header-display":"","ast-hfb-below-header-display":"","ast-hfb-mobile-header-display":"","site-post-title":"disabled","ast-breadcrumbs-content":"","ast-featured-img":"disabled","footer-sml-layout":"","ast-disable-related-posts":"","theme-transparent-header-meta":"disabled","adv-header-id-meta":"","stick-header-meta":"","header-above-stick-meta":"","header-main-stick-meta":"","header-below-stick-meta":"","astra-migrate-meta-layouts":"set","ast-page-background-enabled":"default","ast-page-background-meta":{"desktop":{"background-color":"var(--ast-global-color-4)","background-image":"","background-repeat":"repeat","background-position":"center center","background-size":"auto","background-attachment":"scroll","background-type":"","background-media":"","overlay-type":"","overlay-color":"","overlay-opacity":"","overlay-gradient":""},"tablet":{"background-color":"","background-image":"","background-repeat":"repeat","background-position":"center center","background-size":"auto","background-attachment":"scroll","background-type":"","background-media":"","overlay-type":"","overlay-color":"","overlay-opacity":"","overlay-gradient":""},"mobile":{"background-color":"","background-image":"","background-repeat":"repeat","background-position":"center center","background-size":"auto","background-attachment":"scroll","background-type":"","background-media":"","overlay-type":"","overlay-color":"","overlay-opacity":"","overlay-gradient":""}},"ast-content-background-meta":{"desktop":{"background-color":"var(--ast-global-color-5)","background-image":"","background-repeat":"repeat","background-position":"center center","background-size":"auto","background-attachment":"scroll","background-type":"","background-media":"","overlay-type":"","overlay-color":"","overlay-opacity":"","overlay-gradient":""},"tablet":{"background-color":"var(--ast-global-color-5)","background-image":"","background-repeat":"repeat","background-position":"center center","background-size":"auto","background-attachment":"scroll","background-type":"","background-media":"","overlay-type":"","overlay-color":"","overlay-opacity":"","overlay-gradient":""},"mobile":{"background-color":"var(--ast-global-color-5)","background-image":"","background-repeat":"repeat","background-position":"center center","background-size":"auto","background-attachment":"scroll","background-type":"","background-media":"","overlay-type":"","overlay-color":"","overlay-opacity":"","overlay-gradient":""}},"footnotes":""},"class_list":["post-1322","page","type-page","status-publish","hentry"],"yoast_head":"<!-- This site is optimized with the Yoast SEO plugin v27.3 - https:\/\/yoast.com\/product\/yoast-seo-wordpress\/ -->\n<title>Home - Montevideo Food Bogota<\/title>\n<meta name=\"description\" content=\"Experiencia culinaria que captura el esp\u00edritu de nuestro pa\u00eds ofreciendo en cada bocado algo especial de la cultura preparado con tradici\u00f3n\" \/>\n<meta name=\"robots\" content=\"index, follow, max-snippet:-1, max-image-preview:large, max-video-preview:-1\" \/>\n<link rel=\"canonical\" href=\"https:\/\/montevideofoodbogota.com\/en\/\" \/>\n<meta property=\"og:locale\" content=\"en_US\" \/>\n<meta property=\"og:type\" content=\"article\" \/>\n<meta property=\"og:title\" content=\"Home - Montevideo Food Bogota\" \/>\n<meta property=\"og:description\" content=\"Experiencia culinaria que captura el esp\u00edritu de nuestro pa\u00eds ofreciendo en cada bocado algo especial de la cultura preparado con tradici\u00f3n\" \/>\n<meta property=\"og:url\" content=\"https:\/\/montevideofoodbogota.com\/en\/\" \/>\n<meta property=\"og:site_name\" content=\"Montevideo Food Bogota\" \/>\n<meta property=\"article:publisher\" content=\"https:\/\/www.facebook.com\/MontevideoFoodBogota\/\" \/>\n<meta property=\"article:modified_time\" content=\"2026-04-11T17:43:24+00:00\" \/>\n<meta property=\"og:image\" content=\"https:\/\/montevideofoodbogota.com\/wp-content\/uploads\/2026\/03\/aviso.jpeg\" \/>\n\t<meta property=\"og:image:width\" content=\"868\" \/>\n\t<meta property=\"og:image:height\" content=\"1600\" \/>\n\t<meta property=\"og:image:type\" content=\"image\/jpeg\" \/>\n<meta name=\"twitter:card\" content=\"summary_large_image\" \/>\n<meta name=\"twitter:label1\" content=\"Est. reading time\" \/>\n\t<meta name=\"twitter:data1\" content=\"1 minute\" \/>\n<script type=\"application\/ld+json\" class=\"yoast-schema-graph\">{\"@context\":\"https:\\\/\\\/schema.org\",\"@graph\":[{\"@type\":\"WebPage\",\"@id\":\"https:\\\/\\\/montevideofoodbogota.com\\\/\",\"url\":\"https:\\\/\\\/montevideofoodbogota.com\\\/\",\"name\":\"Home - Montevideo Food Bogota\",\"isPartOf\":{\"@id\":\"https:\\\/\\\/montevideofoodbogota.com\\\/#website\"},\"primaryImageOfPage\":{\"@id\":\"https:\\\/\\\/montevideofoodbogota.com\\\/#primaryimage\"},\"image\":{\"@id\":\"https:\\\/\\\/montevideofoodbogota.com\\\/#primaryimage\"},\"thumbnailUrl\":\"https:\\\/\\\/montevideofoodbogota.com\\\/wp-content\\\/uploads\\\/2026\\\/03\\\/aviso-556x1024.jpeg\",\"datePublished\":\"2026-03-27T00:49:33+00:00\",\"dateModified\":\"2026-04-11T17:43:24+00:00\",\"description\":\"Experiencia culinaria que captura el esp\u00edritu de nuestro pa\u00eds ofreciendo en cada bocado algo especial de la cultura preparado con tradici\u00f3n\",\"breadcrumb\":{\"@id\":\"https:\\\/\\\/montevideofoodbogota.com\\\/#breadcrumb\"},\"inLanguage\":\"en-US\",\"potentialAction\":[{\"@type\":\"ReadAction\",\"target\":[\"https:\\\/\\\/montevideofoodbogota.com\\\/\"]}]},{\"@type\":\"ImageObject\",\"inLanguage\":\"en-US\",\"@id\":\"https:\\\/\\\/montevideofoodbogota.com\\\/#primaryimage\",\"url\":\"https:\\\/\\\/montevideofoodbogota.com\\\/wp-content\\\/uploads\\\/2026\\\/03\\\/aviso-556x1024.jpeg\",\"contentUrl\":\"https:\\\/\\\/montevideofoodbogota.com\\\/wp-content\\\/uploads\\\/2026\\\/03\\\/aviso-556x1024.jpeg\"},{\"@type\":\"BreadcrumbList\",\"@id\":\"https:\\\/\\\/montevideofoodbogota.com\\\/#breadcrumb\",\"itemListElement\":[{\"@type\":\"ListItem\",\"position\":1,\"name\":\"Inicio\",\"item\":\"https:\\\/\\\/montevideofoodbogota.com\\\/\"},{\"@type\":\"ListItem\",\"position\":2,\"name\":\"Home\"}]},{\"@type\":\"WebSite\",\"@id\":\"https:\\\/\\\/montevideofoodbogota.com\\\/#website\",\"url\":\"https:\\\/\\\/montevideofoodbogota.com\\\/\",\"name\":\"Montevideo Food Bogota\",\"description\":\"Experiencia culinaria que captura el esp\u00edritu de nuestro pa\u00eds ofreciendo en cada bocado algo especial de nuestra cultura, preparado con pasi\u00f3n y tradici\u00f3n\",\"publisher\":{\"@id\":\"https:\\\/\\\/montevideofoodbogota.com\\\/#organization\"},\"potentialAction\":[{\"@type\":\"SearchAction\",\"target\":{\"@type\":\"EntryPoint\",\"urlTemplate\":\"https:\\\/\\\/montevideofoodbogota.com\\\/?s={search_term_string}\"},\"query-input\":{\"@type\":\"PropertyValueSpecification\",\"valueRequired\":true,\"valueName\":\"search_term_string\"}}],\"inLanguage\":\"en-US\"},{\"@type\":\"Organization\",\"@id\":\"https:\\\/\\\/montevideofoodbogota.com\\\/#organization\",\"name\":\"Montevideo Food Bogota\",\"url\":\"https:\\\/\\\/montevideofoodbogota.com\\\/\",\"logo\":{\"@type\":\"ImageObject\",\"inLanguage\":\"en-US\",\"@id\":\"https:\\\/\\\/montevideofoodbogota.com\\\/#\\\/schema\\\/logo\\\/image\\\/\",\"url\":\"https:\\\/\\\/montevideofoodbogota.com\\\/wp-content\\\/uploads\\\/2026\\\/03\\\/logo.jpeg\",\"contentUrl\":\"https:\\\/\\\/montevideofoodbogota.com\\\/wp-content\\\/uploads\\\/2026\\\/03\\\/logo.jpeg\",\"width\":720,\"height\":720,\"caption\":\"Montevideo Food Bogota\"},\"image\":{\"@id\":\"https:\\\/\\\/montevideofoodbogota.com\\\/#\\\/schema\\\/logo\\\/image\\\/\"},\"sameAs\":[\"https:\\\/\\\/www.facebook.com\\\/MontevideoFoodBogota\\\/\",\"https:\\\/\\\/www.instagram.com\\\/montevideo_food_bogota\\\/?hl=es\"]}]}<\/script>\n<!-- \/ Yoast SEO plugin. -->","yoast_head_json":{"title":"Home - Montevideo Food Bogota","description":"Experiencia culinaria que captura el esp\u00edritu de nuestro pa\u00eds ofreciendo en cada bocado algo especial de la cultura preparado con tradici\u00f3n","robots":{"index":"index","follow":"follow","max-snippet":"max-snippet:-1","max-image-preview":"max-image-preview:large","max-video-preview":"max-video-preview:-1"},"canonical":"https:\/\/montevideofoodbogota.com\/en\/","og_locale":"en_US","og_type":"article","og_title":"Home - Montevideo Food Bogota","og_description":"Experiencia culinaria que captura el esp\u00edritu de nuestro pa\u00eds ofreciendo en cada bocado algo especial de la cultura preparado con tradici\u00f3n","og_url":"https:\/\/montevideofoodbogota.com\/en\/","og_site_name":"Montevideo Food Bogota","article_publisher":"https:\/\/www.facebook.com\/MontevideoFoodBogota\/","article_modified_time":"2026-04-11T17:43:24+00:00","og_image":[{"width":868,"height":1600,"url":"https:\/\/montevideofoodbogota.com\/wp-content\/uploads\/2026\/03\/aviso.jpeg","type":"image\/jpeg"}],"twitter_card":"summary_large_image","twitter_misc":{"Est. reading time":"1 minute"},"schema":{"@context":"https:\/\/schema.org","@graph":[{"@type":"WebPage","@id":"https:\/\/montevideofoodbogota.com\/","url":"https:\/\/montevideofoodbogota.com\/","name":"Home - Montevideo Food Bogota","isPartOf":{"@id":"https:\/\/montevideofoodbogota.com\/#website"},"primaryImageOfPage":{"@id":"https:\/\/montevideofoodbogota.com\/#primaryimage"},"image":{"@id":"https:\/\/montevideofoodbogota.com\/#primaryimage"},"thumbnailUrl":"https:\/\/montevideofoodbogota.com\/wp-content\/uploads\/2026\/03\/aviso-556x1024.jpeg","datePublished":"2026-03-27T00:49:33+00:00","dateModified":"2026-04-11T17:43:24+00:00","description":"Experiencia culinaria que captura el esp\u00edritu de nuestro pa\u00eds ofreciendo en cada bocado algo especial de la cultura preparado con tradici\u00f3n","breadcrumb":{"@id":"https:\/\/montevideofoodbogota.com\/#breadcrumb"},"inLanguage":"en-US","potentialAction":[{"@type":"ReadAction","target":["https:\/\/montevideofoodbogota.com\/"]}]},{"@type":"ImageObject","inLanguage":"en-US","@id":"https:\/\/montevideofoodbogota.com\/#primaryimage","url":"https:\/\/montevideofoodbogota.com\/wp-content\/uploads\/2026\/03\/aviso-556x1024.jpeg","contentUrl":"https:\/\/montevideofoodbogota.com\/wp-content\/uploads\/2026\/03\/aviso-556x1024.jpeg"},{"@type":"BreadcrumbList","@id":"https:\/\/montevideofoodbogota.com\/#breadcrumb","itemListElement":[{"@type":"ListItem","position":1,"name":"Inicio","item":"https:\/\/montevideofoodbogota.com\/"},{"@type":"ListItem","position":2,"name":"Home"}]},{"@type":"WebSite","@id":"https:\/\/montevideofoodbogota.com\/#website","url":"https:\/\/montevideofoodbogota.com\/","name":"Montevideo Food Bogota","description":"Experiencia culinaria que captura el esp\u00edritu de nuestro pa\u00eds ofreciendo en cada bocado algo especial de nuestra cultura, preparado con pasi\u00f3n y tradici\u00f3n","publisher":{"@id":"https:\/\/montevideofoodbogota.com\/#organization"},"potentialAction":[{"@type":"SearchAction","target":{"@type":"EntryPoint","urlTemplate":"https:\/\/montevideofoodbogota.com\/?s={search_term_string}"},"query-input":{"@type":"PropertyValueSpecification","valueRequired":true,"valueName":"search_term_string"}}],"inLanguage":"en-US"},{"@type":"Organization","@id":"https:\/\/montevideofoodbogota.com\/#organization","name":"Montevideo Food Bogota","url":"https:\/\/montevideofoodbogota.com\/","logo":{"@type":"ImageObject","inLanguage":"en-US","@id":"https:\/\/montevideofoodbogota.com\/#\/schema\/logo\/image\/","url":"https:\/\/montevideofoodbogota.com\/wp-content\/uploads\/2026\/03\/logo.jpeg","contentUrl":"https:\/\/montevideofoodbogota.com\/wp-content\/uploads\/2026\/03\/logo.jpeg","width":720,"height":720,"caption":"Montevideo Food Bogota"},"image":{"@id":"https:\/\/montevideofoodbogota.com\/#\/schema\/logo\/image\/"},"sameAs":["https:\/\/www.facebook.com\/MontevideoFoodBogota\/","https:\/\/www.instagram.com\/montevideo_food_bogota\/?hl=es"]}]}},"_hostinger_reach_plugin_has_subscription_block":false,"_hostinger_reach_plugin_is_elementor":false,"uagb_featured_image_src":{"full":false,"thumbnail":false,"medium":false,"medium_large":false,"large":false,"1536x1536":false,"2048x2048":false,"trp-custom-language-flag":false},"uagb_author_info":{"display_name":"bogotamontevideofood@gmail.com","author_link":"https:\/\/montevideofoodbogota.com\/en\/author\/bogotamontevideofoodgmail-com\/"},"uagb_comment_info":0,"uagb_excerpt":null,"_links":{"self":[{"href":"https:\/\/montevideofoodbogota.com\/en\/wp-json\/wp\/v2\/pages\/1322","targetHints":{"allow":["GET"]}}],"collection":[{"href":"https:\/\/montevideofoodbogota.com\/en\/wp-json\/wp\/v2\/pages"}],"about":[{"href":"https:\/\/montevideofoodbogota.com\/en\/wp-json\/wp\/v2\/types\/page"}],"author":[{"embeddable":true,"href":"https:\/\/montevideofoodbogota.com\/en\/wp-json\/wp\/v2\/users\/1"}],"replies":[{"embeddable":true,"href":"https:\/\/montevideofoodbogota.com\/en\/wp-json\/wp\/v2\/comments?post=1322"}],"version-history":[{"count":48,"href":"https:\/\/montevideofoodbogota.com\/en\/wp-json\/wp\/v2\/pages\/1322\/revisions"}],"predecessor-version":[{"id":3265,"href":"https:\/\/montevideofoodbogota.com\/en\/wp-json\/wp\/v2\/pages\/1322\/revisions\/3265"}],"wp:attachment":[{"href":"https:\/\/montevideofoodbogota.com\/en\/wp-json\/wp\/v2\/media?parent=1322"}],"curies":[{"name":"wp","href":"https:\/\/api.w.org\/{rel}","templated":true}]}}